{"id":2656,"date":"2026-01-28T21:06:19","date_gmt":"2026-01-28T20:06:19","guid":{"rendered":"http:\/\/dev.henze-bnp.de\/imprint\/"},"modified":"2026-03-19T14:27:31","modified_gmt":"2026-03-19T13:27:31","slug":"imprint","status":"publish","type":"page","link":"https:\/\/www.henze-bnp.de\/en\/imprint\/","title":{"rendered":"Imprint"},"content":{"rendered":"\t\t<div data-elementor-type=\"wp-page\" data-elementor-id=\"2656\" class=\"elementor elementor-2656 elementor-2588\" data-elementor-post-type=\"page\">\n\t\t\t\t<div class=\"elementor-element elementor-element-203861af e-flex e-con-boxed e-con e-parent\" data-id=\"203861af\" data-element_type=\"container\" data-e-type=\"container\">\n\t\t\t\t\t<div class=\"e-con-inner\">\n\t\t\t\t<div class=\"elementor-element elementor-element-86e7bfe elementor-widget elementor-widget-heading\" data-id=\"86e7bfe\" data-element_type=\"widget\" data-e-type=\"widget\" data-widget_type=\"heading.default\">\n\t\t\t\t\t<h1 class=\"elementor-heading-title elementor-size-default\">Imprint<\/h1>\t\t\t\t<\/div>\n\t\t\t\t<div class=\"elementor-element elementor-element-19bc1368 elementor-widget elementor-widget-text-editor\" data-id=\"19bc1368\" data-element_type=\"widget\" data-e-type=\"widget\" data-widget_type=\"text-editor.default\">\n\t\t\t\t\t\t\t\t\t<p><b>Henze Boron Nitride Products AG<\/b><\/p><p>Grundweg 1<br>D-87493 Lauben (Germany)<\/p><p>Phone: +49 8374 58997-0<br>Fax: +49 8374 58997-99<\/p><p>E-Mail: <span \n                data-original-string='mk61Shkknqf6Yv5qQ2Yn\/w==9fdDnuhqj7I10gNgw\/\/ekAC43nvgLJZCzpsAZ8lXjAw9kk='\n                class='apbct-email-encoder'\n                title='This contact has been encoded by Anti-Spam by CleanTalk. Click to decode. To finish the decoding make sure that JavaScript is enabled in your browser.'>in**@*******np.de<\/span><br>Web: www.henze-bnp.de<\/p><p>Board of management: Christoph Henze, Matthias Henze<br>Supervisory board: J\u00fcrgen D\u00fcrr (chairman), Fran\u00e7ois P\u00fcrro (vice chairman), Thomas Dre\u00dfen<\/p><p>Registered in Kempten, Germany<br>Registration Number: HRB 12052<br>VAT Registration Number: DE 216 196 557 <\/p><p>Disclaimer<br>Henze Boron Nitride Products AG exercises utmost care in compiling and updating the contents of this website, but cannot guarantee the correctness and accuracy of the information therein contained. Henze Boron Nitride Products AG declines any liability for losses and damages arising directly or indirectly from the use of this website unless gross negligence or intent on HENZE\u00b4s part is proven.<br>Whilst procedural steps are taken to verify the content of any external links, we can accept no liability for the content of these websites. Full responsibility for the content of external websites rests with their respective owners.   <\/p><p>Copyright<br>All rights reserved. All graphic, text and image files displayed on this website are subject to copyright. You may not copy and display these files on other websites or put them in circulation on data media such as for example CD ROMs, even in manipulated or altered form.  <\/p><p>Third parties brand names mentioned on this website belong to the respective holders of the rights.<\/p><p>Commercial use of image, graphic or text files (such as on other websites, in brochures or advertisements) is prohibited, even if manipulated or altered. On this website, image files are displayed, which were made available to us by other authors. The copyright of these files remains with the relevant authors.  <\/p><p>\u00a9 2026 Henze Boron Nitride Products AG<\/p>\t\t\t\t\t\t\t\t<\/div>\n\t\t\t\t\t<\/div>\n\t\t\t\t<\/div>\n\t\t\t\t<\/div>\n\t\t","protected":false},"excerpt":{"rendered":"<p>Imprint Henze Boron Nitride Products AG Grundweg 1D-87493 Lauben (Germany) Phone: +49 8374 58997-0Fax: +49 8374 58997-99 E-Mail: in**@*******np.deWeb: www.henze-bnp.de Board of management: Christoph Henze, Matthias HenzeSupervisory board: J\u00fcrgen D\u00fcrr (chairman), Fran\u00e7ois P\u00fcrro (vice chairman), Thomas Dre\u00dfen Registered in Kempten, GermanyRegistration Number: HRB 12052VAT Registration Number: DE 216 196 557 DisclaimerHenze Boron Nitride Products AG [&hellip;]<\/p>\n","protected":false},"author":1,"featured_media":2637,"parent":0,"menu_order":0,"comment_status":"closed","ping_status":"closed","template":"","meta":{"_acf_changed":false,"footnotes":""},"class_list":["post-2656","page","type-page","status-publish","has-post-thumbnail","hentry"],"acf":[],"_links":{"self":[{"href":"https:\/\/www.henze-bnp.de\/en\/wp-json\/wp\/v2\/pages\/2656","targetHints":{"allow":["GET"]}}],"collection":[{"href":"https:\/\/www.henze-bnp.de\/en\/wp-json\/wp\/v2\/pages"}],"about":[{"href":"https:\/\/www.henze-bnp.de\/en\/wp-json\/wp\/v2\/types\/page"}],"author":[{"embeddable":true,"href":"https:\/\/www.henze-bnp.de\/en\/wp-json\/wp\/v2\/users\/1"}],"replies":[{"embeddable":true,"href":"https:\/\/www.henze-bnp.de\/en\/wp-json\/wp\/v2\/comments?post=2656"}],"version-history":[{"count":0,"href":"https:\/\/www.henze-bnp.de\/en\/wp-json\/wp\/v2\/pages\/2656\/revisions"}],"wp:featuredmedia":[{"embeddable":true,"href":"https:\/\/www.henze-bnp.de\/en\/wp-json\/wp\/v2\/media\/2637"}],"wp:attachment":[{"href":"https:\/\/www.henze-bnp.de\/en\/wp-json\/wp\/v2\/media?parent=2656"}],"curies":[{"name":"wp","href":"https:\/\/api.w.org\/{rel}","templated":true}]}}